{"id":128,"date":"2021-03-21T10:00:32","date_gmt":"2021-03-21T09:00:32","guid":{"rendered":"https:\/\/test3.dicolova.com\/fos62\/boutique\/non%20class\u00e9\/nausicaa-boulogne-sur-mer\/"},"modified":"2022-03-21T14:18:45","modified_gmt":"2022-03-21T13:18:45","slug":"nausicaa-boulogne-sur-mer","status":"publish","type":"product","link":"https:\/\/test3.dicolova.com\/fos62\/boutique\/loisirs-decouvertes-de-plein-air\/nausicaa-boulogne-sur-mer\/","title":{"rendered":"Nausica\u00e0 (Boulogne sur Mer) Aquarium et Spectacles"},"content":{"rendered":"<p>NAUSICAA<br \/>\nBoulevard Sainte-Beuve<br \/>\n62200 Boulogne sur Mer<\/p>\n<p><span style=\"font-size: 14pt;color: #3366ff\"><strong><a style=\"color: #3366ff\" href=\"http:\/\/nausicaa.fr\" target=\"_blank\" rel=\"noopener\">Une visite de l&rsquo;aquarium<\/a><br \/>\n<\/strong><\/span><span style=\"font-size: 14pt;color: #3366ff\"><strong><a style=\"color: #3366ff\" href=\"https:\/\/www.google.fr\/maps\/place\/Nausica%C3%A1+-+Centre+national+de+la+Mer\/@50.7304839,1.5945032,15z\/data=!4m5!3m4!1s0x0:0xd6e845d18f81937f!8m2!3d50.7305338!4d1.5949805\" target=\"_blank\" rel=\"noopener\">Localisation<\/a><\/strong><\/span><\/p>\n<p>tarif adulte 24.50\u20ac<br \/>\ntarif enfant ( 3 \u00e0 12 ans inclus) 18.20\u20ac<br \/>\ngratuit &#8211; 3 ans<\/p>\n<p>inclus exposition permanente th\u00e9matique ainsi que la 3D<br \/>\n<strong><span style=\"color: #339966\"><em>nouveau \u00e0 la FOS62 r\u00e8glement par CB accept\u00e9<\/em><\/span><\/strong><\/p>\n<p><span style=\"font-size: 8pt\">cliquer ici pour obtenir le bon de commande billetterie de la FOS62<\/span> :<\/p>\n<p>&nbsp;<\/p>\n","protected":false},"excerpt":{"rendered":"<p>adulte 24.50\u20ac en ticket version \u00ab\u00a0papier\u00a0\u00bb <span style=\"color: #800000\"><em><strong><span style=\"color: #ff00ff\">ou e-ticket en ligne si paiement par CB<\/span><\/strong><br \/>\n<\/em><\/span>enfant (3 \u00e0 12 ans inclus ) 18.20\u20ac<\/p>\n<p><span style=\"color: #339966\"><strong><em>nouveau \u00e0 la FOS62 r\u00e8glement par CB accept\u00e9[gravityform id=\"3\" title=\"true\" description=\"true\"]<\/em><\/strong><\/span><\/p>\n<p><strong><span style=\"color: #0000ff\"><a style=\"color: #0000ff\" href=\"https:\/\/test3.dicolova.com\/fos62\/wp-content\/uploads\/sites\/49\/2021\/07\/Bon-de-commande-Billetterie-Juillet-2021-p-1-et-2.pdf\" target=\"_blank\" rel=\"noopener\">Bon de commande Billetterie Juillet 2021 (pages 1 et 2)<\/a><\/span><\/strong><\/p>\n","protected":false},"featured_media":432,"comment_status":"closed","ping_status":"closed","template":"","meta":[],"product_brand":[],"product_cat":[124],"product_tag":[],"class_list":{"0":"post-128","1":"product","2":"type-product","3":"status-publish","4":"has-post-thumbnail","6":"product_cat-loisirs-decouvertes-de-plein-air","8":"first","9":"instock","10":"sale","11":"featured","12":"purchasable","13":"product-type-simple"},"yoast_head":"<!-- This site is optimized with the Yoast SEO plugin v27.4 - https:\/\/yoast.com\/product\/yoast-seo-wordpress\/ -->\n<title>Nausica\u00e0 (Boulogne sur Mer) Aquarium et Spectacles - FOS62 %<\/title>\n<meta name=\"description\" content=\"avec le ticket CE pas besoin de s&#039;inscrire en ligne ,ni de r\u00e9server la date de la visite\" \/>\n<meta name=\"robots\" content=\"index, follow, max-snippet:-1, max-image-preview:large, max-video-preview:-1\" \/>\n<link rel=\"canonical\" href=\"https:\/\/test3.dicolova.com\/fos62\/boutique\/loisirs-decouvertes-de-plein-air\/nausicaa-boulogne-sur-mer\/\" \/>\n<meta property=\"og:locale\" content=\"fr_FR\" \/>\n<meta property=\"og:type\" content=\"article\" \/>\n<meta property=\"og:title\" content=\"Nausica\u00e0 (Boulogne sur Mer) Aquarium et Spectacles - FOS62 %\" \/>\n<meta property=\"og:description\" content=\"avec le ticket CE pas besoin de s&#039;inscrire en ligne ,ni de r\u00e9server la date de la visite\" \/>\n<meta property=\"og:url\" content=\"https:\/\/test3.dicolova.com\/fos62\/boutique\/loisirs-decouvertes-de-plein-air\/nausicaa-boulogne-sur-mer\/\" \/>\n<meta property=\"og:site_name\" content=\"FOS62\" \/>\n<meta property=\"article:modified_time\" content=\"2022-03-21T13:18:45+00:00\" \/>\n<meta property=\"og:image\" content=\"https:\/\/test3.dicolova.com\/fos62\/wp-content\/uploads\/sites\/49\/2021\/07\/NAUSICAA8VISUEL_ExpoImmersive_A4_FR_SANS_PROMO-e1633446033183.jpg\" \/>\n\t<meta property=\"og:image:width\" content=\"200\" \/>\n\t<meta property=\"og:image:height\" content=\"283\" \/>\n\t<meta property=\"og:image:type\" content=\"image\/jpeg\" \/>\n<meta name=\"twitter:card\" content=\"summary_large_image\" \/>\n<meta name=\"twitter:label1\" content=\"Dur\u00e9e de lecture estim\u00e9e\" \/>\n\t<meta name=\"twitter:data1\" content=\"1 minute\" \/>\n<script type=\"application\/ld+json\" class=\"yoast-schema-graph\">{\"@context\":\"https:\\\/\\\/schema.org\",\"@graph\":[{\"@type\":\"WebPage\",\"@id\":\"https:\\\/\\\/test3.dicolova.com\\\/fos62\\\/boutique\\\/loisirs-decouvertes-de-plein-air\\\/nausicaa-boulogne-sur-mer\\\/\",\"url\":\"https:\\\/\\\/test3.dicolova.com\\\/fos62\\\/boutique\\\/loisirs-decouvertes-de-plein-air\\\/nausicaa-boulogne-sur-mer\\\/\",\"name\":\"Nausica\u00e0 (Boulogne sur Mer) Aquarium et Spectacles - FOS62 %\",\"isPartOf\":{\"@id\":\"https:\\\/\\\/test3.dicolova.com\\\/fos62\\\/#website\"},\"primaryImageOfPage\":{\"@id\":\"https:\\\/\\\/test3.dicolova.com\\\/fos62\\\/boutique\\\/loisirs-decouvertes-de-plein-air\\\/nausicaa-boulogne-sur-mer\\\/#primaryimage\"},\"image\":{\"@id\":\"https:\\\/\\\/test3.dicolova.com\\\/fos62\\\/boutique\\\/loisirs-decouvertes-de-plein-air\\\/nausicaa-boulogne-sur-mer\\\/#primaryimage\"},\"thumbnailUrl\":\"https:\\\/\\\/test3.dicolova.com\\\/fos62\\\/wp-content\\\/uploads\\\/sites\\\/49\\\/2021\\\/07\\\/NAUSICAA8VISUEL_ExpoImmersive_A4_FR_SANS_PROMO-e1633446033183.jpg\",\"datePublished\":\"2021-03-21T09:00:32+00:00\",\"dateModified\":\"2022-03-21T13:18:45+00:00\",\"description\":\"avec le ticket CE pas besoin de s'inscrire en ligne ,ni de r\u00e9server la date de la visite\",\"breadcrumb\":{\"@id\":\"https:\\\/\\\/test3.dicolova.com\\\/fos62\\\/boutique\\\/loisirs-decouvertes-de-plein-air\\\/nausicaa-boulogne-sur-mer\\\/#breadcrumb\"},\"inLanguage\":\"fr-FR\",\"potentialAction\":[{\"@type\":\"ReadAction\",\"target\":[\"https:\\\/\\\/test3.dicolova.com\\\/fos62\\\/boutique\\\/loisirs-decouvertes-de-plein-air\\\/nausicaa-boulogne-sur-mer\\\/\"]}]},{\"@type\":\"ImageObject\",\"inLanguage\":\"fr-FR\",\"@id\":\"https:\\\/\\\/test3.dicolova.com\\\/fos62\\\/boutique\\\/loisirs-decouvertes-de-plein-air\\\/nausicaa-boulogne-sur-mer\\\/#primaryimage\",\"url\":\"https:\\\/\\\/test3.dicolova.com\\\/fos62\\\/wp-content\\\/uploads\\\/sites\\\/49\\\/2021\\\/07\\\/NAUSICAA8VISUEL_ExpoImmersive_A4_FR_SANS_PROMO-e1633446033183.jpg\",\"contentUrl\":\"https:\\\/\\\/test3.dicolova.com\\\/fos62\\\/wp-content\\\/uploads\\\/sites\\\/49\\\/2021\\\/07\\\/NAUSICAA8VISUEL_ExpoImmersive_A4_FR_SANS_PROMO-e1633446033183.jpg\",\"width\":200,\"height\":283},{\"@type\":\"BreadcrumbList\",\"@id\":\"https:\\\/\\\/test3.dicolova.com\\\/fos62\\\/boutique\\\/loisirs-decouvertes-de-plein-air\\\/nausicaa-boulogne-sur-mer\\\/#breadcrumb\",\"itemListElement\":[{\"@type\":\"ListItem\",\"position\":1,\"name\":\"Accueil\",\"item\":\"https:\\\/\\\/test3.dicolova.com\\\/fos62\\\/\"},{\"@type\":\"ListItem\",\"position\":2,\"name\":\"Billetterie\",\"item\":\"https:\\\/\\\/test3.dicolova.com\\\/fos62\\\/billetterie\\\/\"},{\"@type\":\"ListItem\",\"position\":3,\"name\":\"Nausica\u00e0 (Boulogne sur Mer) Aquarium et Spectacles\"}]},{\"@type\":\"WebSite\",\"@id\":\"https:\\\/\\\/test3.dicolova.com\\\/fos62\\\/#website\",\"url\":\"https:\\\/\\\/test3.dicolova.com\\\/fos62\\\/\",\"name\":\"FOS62\",\"description\":\"\",\"potentialAction\":[{\"@type\":\"SearchAction\",\"target\":{\"@type\":\"EntryPoint\",\"urlTemplate\":\"https:\\\/\\\/test3.dicolova.com\\\/fos62\\\/?s={search_term_string}\"},\"query-input\":{\"@type\":\"PropertyValueSpecification\",\"valueRequired\":true,\"valueName\":\"search_term_string\"}}],\"inLanguage\":\"fr-FR\"}]}<\/script>\n<!-- \/ Yoast SEO plugin. -->","yoast_head_json":{"title":"Nausica\u00e0 (Boulogne sur Mer) Aquarium et Spectacles - FOS62 %","description":"avec le ticket CE pas besoin de s'inscrire en ligne ,ni de r\u00e9server la date de la visite","robots":{"index":"index","follow":"follow","max-snippet":"max-snippet:-1","max-image-preview":"max-image-preview:large","max-video-preview":"max-video-preview:-1"},"canonical":"https:\/\/test3.dicolova.com\/fos62\/boutique\/loisirs-decouvertes-de-plein-air\/nausicaa-boulogne-sur-mer\/","og_locale":"fr_FR","og_type":"article","og_title":"Nausica\u00e0 (Boulogne sur Mer) Aquarium et Spectacles - FOS62 %","og_description":"avec le ticket CE pas besoin de s'inscrire en ligne ,ni de r\u00e9server la date de la visite","og_url":"https:\/\/test3.dicolova.com\/fos62\/boutique\/loisirs-decouvertes-de-plein-air\/nausicaa-boulogne-sur-mer\/","og_site_name":"FOS62","article_modified_time":"2022-03-21T13:18:45+00:00","og_image":[{"width":200,"height":283,"url":"https:\/\/test3.dicolova.com\/fos62\/wp-content\/uploads\/sites\/49\/2021\/07\/NAUSICAA8VISUEL_ExpoImmersive_A4_FR_SANS_PROMO-e1633446033183.jpg","type":"image\/jpeg"}],"twitter_card":"summary_large_image","twitter_misc":{"Dur\u00e9e de lecture estim\u00e9e":"1 minute"},"schema":{"@context":"https:\/\/schema.org","@graph":[{"@type":"WebPage","@id":"https:\/\/test3.dicolova.com\/fos62\/boutique\/loisirs-decouvertes-de-plein-air\/nausicaa-boulogne-sur-mer\/","url":"https:\/\/test3.dicolova.com\/fos62\/boutique\/loisirs-decouvertes-de-plein-air\/nausicaa-boulogne-sur-mer\/","name":"Nausica\u00e0 (Boulogne sur Mer) Aquarium et Spectacles - FOS62 %","isPartOf":{"@id":"https:\/\/test3.dicolova.com\/fos62\/#website"},"primaryImageOfPage":{"@id":"https:\/\/test3.dicolova.com\/fos62\/boutique\/loisirs-decouvertes-de-plein-air\/nausicaa-boulogne-sur-mer\/#primaryimage"},"image":{"@id":"https:\/\/test3.dicolova.com\/fos62\/boutique\/loisirs-decouvertes-de-plein-air\/nausicaa-boulogne-sur-mer\/#primaryimage"},"thumbnailUrl":"https:\/\/test3.dicolova.com\/fos62\/wp-content\/uploads\/sites\/49\/2021\/07\/NAUSICAA8VISUEL_ExpoImmersive_A4_FR_SANS_PROMO-e1633446033183.jpg","datePublished":"2021-03-21T09:00:32+00:00","dateModified":"2022-03-21T13:18:45+00:00","description":"avec le ticket CE pas besoin de s'inscrire en ligne ,ni de r\u00e9server la date de la visite","breadcrumb":{"@id":"https:\/\/test3.dicolova.com\/fos62\/boutique\/loisirs-decouvertes-de-plein-air\/nausicaa-boulogne-sur-mer\/#breadcrumb"},"inLanguage":"fr-FR","potentialAction":[{"@type":"ReadAction","target":["https:\/\/test3.dicolova.com\/fos62\/boutique\/loisirs-decouvertes-de-plein-air\/nausicaa-boulogne-sur-mer\/"]}]},{"@type":"ImageObject","inLanguage":"fr-FR","@id":"https:\/\/test3.dicolova.com\/fos62\/boutique\/loisirs-decouvertes-de-plein-air\/nausicaa-boulogne-sur-mer\/#primaryimage","url":"https:\/\/test3.dicolova.com\/fos62\/wp-content\/uploads\/sites\/49\/2021\/07\/NAUSICAA8VISUEL_ExpoImmersive_A4_FR_SANS_PROMO-e1633446033183.jpg","contentUrl":"https:\/\/test3.dicolova.com\/fos62\/wp-content\/uploads\/sites\/49\/2021\/07\/NAUSICAA8VISUEL_ExpoImmersive_A4_FR_SANS_PROMO-e1633446033183.jpg","width":200,"height":283},{"@type":"BreadcrumbList","@id":"https:\/\/test3.dicolova.com\/fos62\/boutique\/loisirs-decouvertes-de-plein-air\/nausicaa-boulogne-sur-mer\/#breadcrumb","itemListElement":[{"@type":"ListItem","position":1,"name":"Accueil","item":"https:\/\/test3.dicolova.com\/fos62\/"},{"@type":"ListItem","position":2,"name":"Billetterie","item":"https:\/\/test3.dicolova.com\/fos62\/billetterie\/"},{"@type":"ListItem","position":3,"name":"Nausica\u00e0 (Boulogne sur Mer) Aquarium et Spectacles"}]},{"@type":"WebSite","@id":"https:\/\/test3.dicolova.com\/fos62\/#website","url":"https:\/\/test3.dicolova.com\/fos62\/","name":"FOS62","description":"","potentialAction":[{"@type":"SearchAction","target":{"@type":"EntryPoint","urlTemplate":"https:\/\/test3.dicolova.com\/fos62\/?s={search_term_string}"},"query-input":{"@type":"PropertyValueSpecification","valueRequired":true,"valueName":"search_term_string"}}],"inLanguage":"fr-FR"}]}},"_links":{"self":[{"href":"https:\/\/test3.dicolova.com\/fos62\/wp-json\/wp\/v2\/product\/128","targetHints":{"allow":["GET"]}}],"collection":[{"href":"https:\/\/test3.dicolova.com\/fos62\/wp-json\/wp\/v2\/product"}],"about":[{"href":"https:\/\/test3.dicolova.com\/fos62\/wp-json\/wp\/v2\/types\/product"}],"replies":[{"embeddable":true,"href":"https:\/\/test3.dicolova.com\/fos62\/wp-json\/wp\/v2\/comments?post=128"}],"wp:featuredmedia":[{"embeddable":true,"href":"https:\/\/test3.dicolova.com\/fos62\/wp-json\/wp\/v2\/media\/432"}],"wp:attachment":[{"href":"https:\/\/test3.dicolova.com\/fos62\/wp-json\/wp\/v2\/media?parent=128"}],"wp:term":[{"taxonomy":"product_brand","embeddable":true,"href":"https:\/\/test3.dicolova.com\/fos62\/wp-json\/wp\/v2\/product_brand?post=128"},{"taxonomy":"product_cat","embeddable":true,"href":"https:\/\/test3.dicolova.com\/fos62\/wp-json\/wp\/v2\/product_cat?post=128"},{"taxonomy":"product_tag","embeddable":true,"href":"https:\/\/test3.dicolova.com\/fos62\/wp-json\/wp\/v2\/product_tag?post=128"}],"curies":[{"name":"wp","href":"https:\/\/api.w.org\/{rel}","templated":true}]}}