{"id":18,"date":"2015-07-10T17:53:44","date_gmt":"2015-07-10T16:53:44","guid":{"rendered":"https:\/\/test3.dicolova.com\/cos03\/?page_id=18"},"modified":"2024-12-17T17:30:17","modified_gmt":"2024-12-17T16:30:17","slug":"vacances","status":"publish","type":"page","link":"https:\/\/test3.dicolova.com\/cos52\/vacances\/","title":{"rendered":"Vacances"},"content":{"rendered":"<div class=\"fusion-fullwidth fullwidth-box fusion-builder-row-1 hundred-percent-fullwidth non-hundred-percent-height-scrolling\" style=\"--awb-border-radius-top-left:0px;--awb-border-radius-top-right:0px;--awb-border-radius-bottom-right:0px;--awb-border-radius-bottom-left:0px;--awb-overflow:visible;--awb-flex-wrap:wrap;\" ><div class=\"fusion-builder-row fusion-row\"><div class=\"fusion-layout-column fusion_builder_column fusion-builder-column-0 fusion_builder_column_1_1 1_1 fusion-one-full fusion-column-first fusion-column-last\" style=\"--awb-bg-size:cover;\"><div class=\"fusion-column-wrapper fusion-flex-column-wrapper-legacy\"><div class=\"fusion-blog-shortcode fusion-blog-shortcode-1 fusion-blog-archive fusion-blog-layout-grid-wrapper fusion-blog-pagination\"><style type=\"text\/css\">.fusion-blog-shortcode-1 .fusion-blog-layout-grid .fusion-post-grid{padding:20px;}.fusion-blog-shortcode-1 .fusion-posts-container{margin-left: -20px !important; margin-right:-20px !important;}<\/style><div class=\"fusion-posts-container fusion-posts-container-pagination fusion-blog-rollover fusion-blog-layout-grid fusion-blog-layout-grid-3 isotope\" data-pages=\"1\" data-grid-col-space=\"40\" style=\"margin: -20px -20px 0;min-height:500px;\"><article id=\"blog-1-post-458\" class=\"fusion-post-grid post-458 post type-post status-publish format-standard has-post-thumbnail hentry category-4-personnes category-6-personnes category-29-finistere category-locations category-mobil-home category-plonevez-porzay\">\n<div class=\"fusion-post-wrapper\" style=\"background-color:rgba(255,255,255,1);border:1px solid #ebeaea;border-bottom-width:3px;\">\n\n\t\t\t<div class=\"fusion-flexslider flexslider fusion-flexslider-loading fusion-post-slideshow\" style=\"border-color:#ebeaea;\">\n\t\t<ul class=\"slides\">\n\t\t\t\n\t\t\t\t\t\t\t\t\t\t\t\t\t\t<li><div  class=\"fusion-image-wrapper\" aria-haspopup=\"true\">\n\t\t\t\t<img decoding=\"async\" width=\"600\" height=\"400\" src=\"https:\/\/test3.dicolova.com\/cos52\/wp-content\/uploads\/sites\/60\/2024\/12\/camping-la-plage-de-treguer-76598-1.jpg\" class=\"attachment-full size-full wp-post-image\" alt=\"\" srcset=\"https:\/\/test3.dicolova.com\/cos52\/wp-content\/uploads\/sites\/60\/2024\/12\/camping-la-plage-de-treguer-76598-1-200x133.jpg 200w, https:\/\/test3.dicolova.com\/cos52\/wp-content\/uploads\/sites\/60\/2024\/12\/camping-la-plage-de-treguer-76598-1-400x267.jpg 400w, https:\/\/test3.dicolova.com\/cos52\/wp-content\/uploads\/sites\/60\/2024\/12\/camping-la-plage-de-treguer-76598-1.jpg 600w\" sizes=\"(min-width: 2200px) 100vw, (min-width: 824px) 400px, (min-width: 732px) 600px, (min-width: 640px) 732px, \" \/><div class=\"fusion-rollover\">\n\t<div class=\"fusion-rollover-content\">\n\n\t\t\t\t\t\t\t\t\t\t\t\t\t\t<a class=\"fusion-rollover-link\" href=\"https:\/\/test3.dicolova.com\/cos52\/camping-la-plage-de-treguer-29550-plonevez-porzay-2-mobilhomes-cos-52\/\">Camping La Plage de Tr\u00e9guer \u2013 29550 PLONEVEZ-PORZAY 2 Mobilhomes -COS 52<\/a>\n\t\t\t\n\t\t\t\t\t\t\t\t\t\t\t\t\t\t\n\t\t\t\t\t\t\t\t\n\t\t\t\t\t\t\t\t\t\t\t\t\t<div class=\"fusion-rollover-sep\"><\/div>\n\t\t\t\t\n\t\t\t\t\t\t\t\t\t\t\t\t\t\t\t\t\t\t<a class=\"fusion-rollover-gallery\" href=\"https:\/\/test3.dicolova.com\/cos52\/wp-content\/uploads\/sites\/60\/2024\/12\/camping-la-plage-de-treguer-76598-1.jpg\" data-options=\"\" data-id=\"458\" data-rel=\"iLightbox[gallery]\" data-title=\"camping-la-plage-de-treguer-76598-1\" data-caption=\"\">\n\t\t\t\t\t\tGalerie\t\t\t\t\t<\/a>\n\t\t\t\t\t\t\t\t\t\t\t\t\t\t\n\t\t\n\t\t\t\t\t\t\t\t\t\t\t\t<h4 class=\"fusion-rollover-title\">\n\t\t\t\t\t<a class=\"fusion-rollover-title-link\" href=\"https:\/\/test3.dicolova.com\/cos52\/camping-la-plage-de-treguer-29550-plonevez-porzay-2-mobilhomes-cos-52\/\">\n\t\t\t\t\t\tCamping La Plage de Tr\u00e9guer \u2013 29550 PLONEVEZ-PORZAY 2 Mobilhomes -COS 52\t\t\t\t\t<\/a>\n\t\t\t\t<\/h4>\n\t\t\t\n\t\t\t\t\t\t\t\t\t\t<div class=\"fusion-rollover-categories\"><a href=\"https:\/\/test3.dicolova.com\/cos52\/category\/capacite\/4-personnes\/\" rel=\"tag\">2 \u00e0 4 personnes<\/a>, <a href=\"https:\/\/test3.dicolova.com\/cos52\/category\/capacite\/6-personnes\/\" rel=\"tag\">4 \u00e0 6 personnes<\/a>, <a href=\"https:\/\/test3.dicolova.com\/cos52\/category\/departement\/29-finistere\/\" rel=\"tag\">52 Haute Marne<\/a>, <a href=\"https:\/\/test3.dicolova.com\/cos52\/category\/locations\/\" rel=\"tag\">Locations<\/a>, <a href=\"https:\/\/test3.dicolova.com\/cos52\/category\/type-de-bien\/mobil-home\/\" rel=\"tag\">Mobil home<\/a>, <a href=\"https:\/\/test3.dicolova.com\/cos52\/category\/ville\/plonevez-porzay\/\" rel=\"tag\">PLONEVEZ-PORZAY<\/a><\/div>\t\t\t\t\t\n\t\t\n\t\t\t\t\t\t<a class=\"fusion-link-wrapper\" href=\"https:\/\/test3.dicolova.com\/cos52\/camping-la-plage-de-treguer-29550-plonevez-porzay-2-mobilhomes-cos-52\/\" aria-label=\"Camping La Plage de Tr\u00e9guer \u2013 29550 PLONEVEZ-PORZAY 2 Mobilhomes -COS 52\"><\/a>\n\t<\/div>\n<\/div>\n<\/div>\n<\/li>\n\t\t\t\n\t\t\t\n\t\t\t\t\t\t\t\t\t\t\t\t\t\t\t\t\t\t\t\t\t\t\t\t\t\t\t\t\t\t\t\t\t\t\t\t\t\t\t\t\t\t\t\t\t\t\t\t\t\t\t\t\t\t\t\t\t\t\t\t\t\t\t\t\t\t\t\t<\/ul>\n\t<\/div>\n\t<div class=\"fusion-post-content-wrapper\" style=\"padding:30px 25px 25px 25px;\"><div class=\"fusion-post-content post-content\"><h2 class=\"blog-shortcode-post-title entry-title\"><a href=\"https:\/\/test3.dicolova.com\/cos52\/camping-la-plage-de-treguer-29550-plonevez-porzay-2-mobilhomes-cos-52\/\">Camping La Plage de Tr\u00e9guer \u2013 29550 PLONEVEZ-PORZAY 2 Mobilhomes -COS 52<\/a><\/h2><p class=\"fusion-single-line-meta\"><span class=\"vcard\" style=\"display: none;\"><span class=\"fn\"><a href=\"https:\/\/test3.dicolova.com\/cos52\/author\/cos52\/\" title=\"Articles par cos52\" rel=\"author\">cos52<\/a><\/span><\/span><span class=\"updated\" style=\"display:none;\">2025-05-15T17:44:13+01:00<\/span><span>f\u00e9vrier 2025<\/span><span class=\"fusion-inline-sep\">|<\/span><\/p><div class=\"fusion-content-sep sep-double sep-solid\"><\/div><div class=\"fusion-post-content-container\"><p> Mobilhomes dans un caping ****, acc\u00e8s direct = la plage<\/p><\/div><\/div><div class=\"fusion-meta-info\"><div class=\"fusion-alignleft\"><a class=\"fusion-read-more\" href=\"https:\/\/test3.dicolova.com\/cos52\/camping-la-plage-de-treguer-29550-plonevez-porzay-2-mobilhomes-cos-52\/\" aria-label=\"More on Camping La Plage de Tr\u00e9guer \u2013 29550 PLONEVEZ-PORZAY 2 Mobilhomes -COS 52\">Lire la suite<\/a><\/div><\/div><\/div><div class=\"fusion-clearfix\"><\/div><\/div>\n<\/article>\n<article id=\"blog-1-post-394\" class=\"fusion-post-grid post-394 post type-post status-publish format-standard has-post-thumbnail hentry category-4-personnes category-6-personnes category-85-vendee category-barbatre category-locations category-mobil-home\">\n<div class=\"fusion-post-wrapper\" style=\"background-color:rgba(255,255,255,1);border:1px solid #ebeaea;border-bottom-width:3px;\">\n\n\t\t\t<div class=\"fusion-flexslider flexslider fusion-flexslider-loading fusion-post-slideshow\" style=\"border-color:#ebeaea;\">\n\t\t<ul class=\"slides\">\n\t\t\t\n\t\t\t\t\t\t\t\t\t\t\t\t\t\t<li><div  class=\"fusion-image-wrapper\" aria-haspopup=\"true\">\n\t\t\t\t<img decoding=\"async\" width=\"600\" height=\"400\" src=\"https:\/\/test3.dicolova.com\/cos52\/wp-content\/uploads\/sites\/60\/2024\/12\/image_avant_b.jpg\" class=\"attachment-full size-full wp-post-image\" alt=\"\" srcset=\"https:\/\/test3.dicolova.com\/cos52\/wp-content\/uploads\/sites\/60\/2024\/12\/image_avant_b-200x133.jpg 200w, https:\/\/test3.dicolova.com\/cos52\/wp-content\/uploads\/sites\/60\/2024\/12\/image_avant_b-400x267.jpg 400w, https:\/\/test3.dicolova.com\/cos52\/wp-content\/uploads\/sites\/60\/2024\/12\/image_avant_b.jpg 600w\" sizes=\"(min-width: 2200px) 100vw, (min-width: 824px) 400px, (min-width: 732px) 600px, (min-width: 640px) 732px, \" \/><div class=\"fusion-rollover\">\n\t<div class=\"fusion-rollover-content\">\n\n\t\t\t\t\t\t\t\t\t\t\t\t\t\t<a class=\"fusion-rollover-link\" href=\"https:\/\/test3.dicolova.com\/cos52\/barbatre-85-mobilhomes-cos-52\/\">Barb\u00e2tre (85) 2 mobilhomes &#8211; COS 52<\/a>\n\t\t\t\n\t\t\t\t\t\t\t\t\t\t\t\t\t\t\n\t\t\t\t\t\t\t\t\n\t\t\t\t\t\t\t\t\t\t\t\t\t<div class=\"fusion-rollover-sep\"><\/div>\n\t\t\t\t\n\t\t\t\t\t\t\t\t\t\t\t\t\t\t\t\t\t\t<a class=\"fusion-rollover-gallery\" href=\"https:\/\/test3.dicolova.com\/cos52\/wp-content\/uploads\/sites\/60\/2024\/12\/image_avant_b.jpg\" data-options=\"\" data-id=\"394\" data-rel=\"iLightbox[gallery]\" data-title=\"image_avant_b\" data-caption=\"\">\n\t\t\t\t\t\tGalerie\t\t\t\t\t<\/a>\n\t\t\t\t\t\t\t\t\t\t\t\t\t\t\n\t\t\n\t\t\t\t\t\t\t\t\t\t\t\t<h4 class=\"fusion-rollover-title\">\n\t\t\t\t\t<a class=\"fusion-rollover-title-link\" href=\"https:\/\/test3.dicolova.com\/cos52\/barbatre-85-mobilhomes-cos-52\/\">\n\t\t\t\t\t\tBarb\u00e2tre (85) 2 mobilhomes &#8211; COS 52\t\t\t\t\t<\/a>\n\t\t\t\t<\/h4>\n\t\t\t\n\t\t\t\t\t\t\t\t\t\t<div class=\"fusion-rollover-categories\"><a href=\"https:\/\/test3.dicolova.com\/cos52\/category\/capacite\/4-personnes\/\" rel=\"tag\">2 \u00e0 4 personnes<\/a>, <a href=\"https:\/\/test3.dicolova.com\/cos52\/category\/capacite\/6-personnes\/\" rel=\"tag\">4 \u00e0 6 personnes<\/a>, <a href=\"https:\/\/test3.dicolova.com\/cos52\/category\/departement\/85-vendee\/\" rel=\"tag\">85 Vend\u00e9e<\/a>, <a href=\"https:\/\/test3.dicolova.com\/cos52\/category\/ville\/barbatre\/\" rel=\"tag\">Barb\u00e2tre<\/a>, <a href=\"https:\/\/test3.dicolova.com\/cos52\/category\/locations\/\" rel=\"tag\">Locations<\/a>, <a href=\"https:\/\/test3.dicolova.com\/cos52\/category\/type-de-bien\/mobil-home\/\" rel=\"tag\">Mobil home<\/a><\/div>\t\t\t\t\t\n\t\t\n\t\t\t\t\t\t<a class=\"fusion-link-wrapper\" href=\"https:\/\/test3.dicolova.com\/cos52\/barbatre-85-mobilhomes-cos-52\/\" aria-label=\"Barb\u00e2tre (85) 2 mobilhomes &#8211; COS 52\"><\/a>\n\t<\/div>\n<\/div>\n<\/div>\n<\/li>\n\t\t\t\n\t\t\t\n\t\t\t\t\t\t\t\t\t\t\t\t\t\t\t\t\t\t\t\t\t\t\t\t\t\t\t\t\t\t\t\t\t\t\t\t\t\t\t\t\t\t\t\t\t\t\t\t\t\t\t\t\t\t\t\t\t\t\t\t\t\t\t\t\t\t\t\t<\/ul>\n\t<\/div>\n\t<div class=\"fusion-post-content-wrapper\" style=\"padding:30px 25px 25px 25px;\"><div class=\"fusion-post-content post-content\"><h2 class=\"blog-shortcode-post-title entry-title\"><a href=\"https:\/\/test3.dicolova.com\/cos52\/barbatre-85-mobilhomes-cos-52\/\">Barb\u00e2tre (85) 2 mobilhomes &#8211; COS 52<\/a><\/h2><p class=\"fusion-single-line-meta\"><span class=\"vcard\" style=\"display: none;\"><span class=\"fn\"><a href=\"https:\/\/test3.dicolova.com\/cos52\/author\/cos52\/\" title=\"Articles par cos52\" rel=\"author\">cos52<\/a><\/span><\/span><span class=\"updated\" style=\"display:none;\">2025-05-15T17:44:21+01:00<\/span><span>d\u00e9cembre 2024<\/span><span class=\"fusion-inline-sep\">|<\/span><\/p><div class=\"fusion-content-sep sep-double sep-solid\"><\/div><div class=\"fusion-post-content-container\"><p>Barb\u00e2tre (85) Camping les Onch\u00e8res 2 Mobil-home Emplacements E53 et E69 \u2013 COS52 Mobilhome 2 ch install\u00e9s dans le Camping des Onch\u00e8res, 3 \u00e9toiles, \u00e0 Barb\u00e2tre, Chemin de la Martini\u00e8re dans une pin\u00e8de avec un acc\u00e8s direct \u00e0 la mer<\/p><\/div><\/div><div class=\"fusion-meta-info\"><div class=\"fusion-alignleft\"><a class=\"fusion-read-more\" href=\"https:\/\/test3.dicolova.com\/cos52\/barbatre-85-mobilhomes-cos-52\/\" aria-label=\"More on Barb\u00e2tre (85) 2 mobilhomes &#8211; COS 52\">Lire la suite<\/a><\/div><\/div><\/div><div class=\"fusion-clearfix\"><\/div><\/div>\n<\/article>\n<div class=\"fusion-clearfix\"><\/div><\/div><\/div><div class=\"fusion-clearfix\"><\/div><\/div><\/div><\/div><\/div>\n","protected":false},"excerpt":{"rendered":"","protected":false},"author":1,"featured_media":0,"parent":0,"menu_order":0,"comment_status":"open","ping_status":"open","template":"","meta":{"footnotes":""},"class_list":["post-18","page","type-page","status-publish","hentry"],"yoast_head":"<!-- This site is optimized with the Yoast SEO plugin v27.4 - https:\/\/yoast.com\/product\/yoast-seo-wordpress\/ -->\n<title>Vacances - COS 52<\/title>\n<meta name=\"robots\" content=\"index, follow, max-snippet:-1, max-image-preview:large, max-video-preview:-1\" \/>\n<link rel=\"canonical\" href=\"https:\/\/test3.dicolova.com\/cos52\/vacances\/\" \/>\n<meta property=\"og:locale\" content=\"fr_FR\" \/>\n<meta property=\"og:type\" content=\"article\" \/>\n<meta property=\"og:title\" content=\"Vacances - COS 52\" \/>\n<meta property=\"og:url\" content=\"https:\/\/test3.dicolova.com\/cos52\/vacances\/\" \/>\n<meta property=\"og:site_name\" content=\"COS 52\" \/>\n<meta property=\"article:modified_time\" content=\"2024-12-17T16:30:17+00:00\" \/>\n<meta name=\"twitter:card\" content=\"summary_large_image\" \/>\n<meta name=\"twitter:label1\" content=\"Dur\u00e9e de lecture estim\u00e9e\" \/>\n\t<meta name=\"twitter:data1\" content=\"1 minute\" \/>\n<script type=\"application\/ld+json\" class=\"yoast-schema-graph\">{\"@context\":\"https:\\\/\\\/schema.org\",\"@graph\":[{\"@type\":\"WebPage\",\"@id\":\"https:\\\/\\\/test3.dicolova.com\\\/cos52\\\/vacances\\\/\",\"url\":\"https:\\\/\\\/test3.dicolova.com\\\/cos52\\\/vacances\\\/\",\"name\":\"Vacances - COS 52\",\"isPartOf\":{\"@id\":\"https:\\\/\\\/test3.dicolova.com\\\/cos52\\\/#website\"},\"datePublished\":\"2015-07-10T16:53:44+00:00\",\"dateModified\":\"2024-12-17T16:30:17+00:00\",\"breadcrumb\":{\"@id\":\"https:\\\/\\\/test3.dicolova.com\\\/cos52\\\/vacances\\\/#breadcrumb\"},\"inLanguage\":\"fr-FR\",\"potentialAction\":[{\"@type\":\"ReadAction\",\"target\":[\"https:\\\/\\\/test3.dicolova.com\\\/cos52\\\/vacances\\\/\"]}]},{\"@type\":\"BreadcrumbList\",\"@id\":\"https:\\\/\\\/test3.dicolova.com\\\/cos52\\\/vacances\\\/#breadcrumb\",\"itemListElement\":[{\"@type\":\"ListItem\",\"position\":1,\"name\":\"Accueil\",\"item\":\"https:\\\/\\\/test3.dicolova.com\\\/cos52\\\/\"},{\"@type\":\"ListItem\",\"position\":2,\"name\":\"Vacances\"}]},{\"@type\":\"WebSite\",\"@id\":\"https:\\\/\\\/test3.dicolova.com\\\/cos52\\\/#website\",\"url\":\"https:\\\/\\\/test3.dicolova.com\\\/cos52\\\/\",\"name\":\"COS 52\",\"description\":\"Adh\u00e9rent FNCOS\",\"potentialAction\":[{\"@type\":\"SearchAction\",\"target\":{\"@type\":\"EntryPoint\",\"urlTemplate\":\"https:\\\/\\\/test3.dicolova.com\\\/cos52\\\/?s={search_term_string}\"},\"query-input\":{\"@type\":\"PropertyValueSpecification\",\"valueRequired\":true,\"valueName\":\"search_term_string\"}}],\"inLanguage\":\"fr-FR\"}]}<\/script>\n<!-- \/ Yoast SEO plugin. -->","yoast_head_json":{"title":"Vacances - COS 52","robots":{"index":"index","follow":"follow","max-snippet":"max-snippet:-1","max-image-preview":"max-image-preview:large","max-video-preview":"max-video-preview:-1"},"canonical":"https:\/\/test3.dicolova.com\/cos52\/vacances\/","og_locale":"fr_FR","og_type":"article","og_title":"Vacances - COS 52","og_url":"https:\/\/test3.dicolova.com\/cos52\/vacances\/","og_site_name":"COS 52","article_modified_time":"2024-12-17T16:30:17+00:00","twitter_card":"summary_large_image","twitter_misc":{"Dur\u00e9e de lecture estim\u00e9e":"1 minute"},"schema":{"@context":"https:\/\/schema.org","@graph":[{"@type":"WebPage","@id":"https:\/\/test3.dicolova.com\/cos52\/vacances\/","url":"https:\/\/test3.dicolova.com\/cos52\/vacances\/","name":"Vacances - COS 52","isPartOf":{"@id":"https:\/\/test3.dicolova.com\/cos52\/#website"},"datePublished":"2015-07-10T16:53:44+00:00","dateModified":"2024-12-17T16:30:17+00:00","breadcrumb":{"@id":"https:\/\/test3.dicolova.com\/cos52\/vacances\/#breadcrumb"},"inLanguage":"fr-FR","potentialAction":[{"@type":"ReadAction","target":["https:\/\/test3.dicolova.com\/cos52\/vacances\/"]}]},{"@type":"BreadcrumbList","@id":"https:\/\/test3.dicolova.com\/cos52\/vacances\/#breadcrumb","itemListElement":[{"@type":"ListItem","position":1,"name":"Accueil","item":"https:\/\/test3.dicolova.com\/cos52\/"},{"@type":"ListItem","position":2,"name":"Vacances"}]},{"@type":"WebSite","@id":"https:\/\/test3.dicolova.com\/cos52\/#website","url":"https:\/\/test3.dicolova.com\/cos52\/","name":"COS 52","description":"Adh\u00e9rent FNCOS","potentialAction":[{"@type":"SearchAction","target":{"@type":"EntryPoint","urlTemplate":"https:\/\/test3.dicolova.com\/cos52\/?s={search_term_string}"},"query-input":{"@type":"PropertyValueSpecification","valueRequired":true,"valueName":"search_term_string"}}],"inLanguage":"fr-FR"}]}},"_links":{"self":[{"href":"https:\/\/test3.dicolova.com\/cos52\/wp-json\/wp\/v2\/pages\/18","targetHints":{"allow":["GET"]}}],"collection":[{"href":"https:\/\/test3.dicolova.com\/cos52\/wp-json\/wp\/v2\/pages"}],"about":[{"href":"https:\/\/test3.dicolova.com\/cos52\/wp-json\/wp\/v2\/types\/page"}],"author":[{"embeddable":true,"href":"https:\/\/test3.dicolova.com\/cos52\/wp-json\/wp\/v2\/users\/1"}],"replies":[{"embeddable":true,"href":"https:\/\/test3.dicolova.com\/cos52\/wp-json\/wp\/v2\/comments?post=18"}],"version-history":[{"count":1,"href":"https:\/\/test3.dicolova.com\/cos52\/wp-json\/wp\/v2\/pages\/18\/revisions"}],"predecessor-version":[{"id":409,"href":"https:\/\/test3.dicolova.com\/cos52\/wp-json\/wp\/v2\/pages\/18\/revisions\/409"}],"wp:attachment":[{"href":"https:\/\/test3.dicolova.com\/cos52\/wp-json\/wp\/v2\/media?parent=18"}],"curies":[{"name":"wp","href":"https:\/\/api.w.org\/{rel}","templated":true}]}}