{"id":22,"date":"2015-07-10T17:53:44","date_gmt":"2015-07-10T16:53:44","guid":{"rendered":"https:\/\/test3.dicolova.com\/cos12\/vacances\/"},"modified":"2017-03-02T18:31:43","modified_gmt":"2017-03-02T17:31:43","slug":"vacances","status":"publish","type":"page","link":"https:\/\/test3.dicolova.com\/cos12\/vacances\/","title":{"rendered":"Vacances"},"content":{"rendered":"<div class=\"fusion-fullwidth fullwidth-box fusion-builder-row-1 hundred-percent-fullwidth non-hundred-percent-height-scrolling\" style=\"--awb-border-radius-top-left:0px;--awb-border-radius-top-right:0px;--awb-border-radius-bottom-right:0px;--awb-border-radius-bottom-left:0px;--awb-overflow:visible;--awb-flex-wrap:wrap;\" ><div class=\"fusion-builder-row fusion-row\"><div class=\"fusion-layout-column fusion_builder_column fusion-builder-column-0 fusion_builder_column_1_1 1_1 fusion-one-full fusion-column-first fusion-column-last\" style=\"--awb-bg-size:cover;\"><div class=\"fusion-column-wrapper fusion-flex-column-wrapper-legacy\"><div class=\"fusion-blog-shortcode fusion-blog-shortcode-1 fusion-blog-archive fusion-blog-layout-grid-wrapper fusion-blog-pagination\"><style type=\"text\/css\">.fusion-blog-shortcode-1 .fusion-blog-layout-grid .fusion-post-grid{padding:20px;}.fusion-blog-shortcode-1 .fusion-posts-container{margin-left: -20px !important; margin-right:-20px !important;}<\/style><div class=\"fusion-posts-container fusion-posts-container-pagination fusion-blog-rollover fusion-blog-layout-grid fusion-blog-layout-grid-3 isotope\" data-pages=\"1\" data-grid-col-space=\"40\" style=\"margin: -20px -20px 0;min-height:500px;\"><article id=\"blog-1-post-382\" class=\"fusion-post-grid post-382 post type-post status-publish format-standard has-post-thumbnail hentry category-4-personnes category-34-herault category-6-personnes category-locations category-marseillan-plage category-mobil-home\">\n<div class=\"fusion-post-wrapper\" style=\"background-color:rgba(255,255,255,1);border:1px solid EBEAEA;border-bottom-width:3px;\">\n\n\t\t\t<div class=\"fusion-flexslider flexslider fusion-flexslider-loading fusion-post-slideshow\" style=\"border-color:EBEAEA;\">\n\t\t<ul class=\"slides\">\n\t\t\t\n\t\t\t\t\t\t\t\t\t\t\t\t\t\t<li><div  class=\"fusion-image-wrapper\" aria-haspopup=\"true\">\n\t\t\t\t<img decoding=\"async\" width=\"300\" height=\"168\" src=\"https:\/\/test3.dicolova.com\/cos12\/wp-content\/uploads\/sites\/6\/2025\/01\/Sans-titre.jpg\" class=\"attachment-full size-full wp-post-image\" alt=\"\" srcset=\"https:\/\/test3.dicolova.com\/cos12\/wp-content\/uploads\/sites\/6\/2025\/01\/Sans-titre-200x112.jpg 200w, https:\/\/test3.dicolova.com\/cos12\/wp-content\/uploads\/sites\/6\/2025\/01\/Sans-titre.jpg 300w\" sizes=\"(min-width: 2200px) 100vw, (min-width: 824px) 400px, (min-width: 732px) 600px, (min-width: 640px) 732px, \" \/><div class=\"fusion-rollover\">\n\t<div class=\"fusion-rollover-content\">\n\n\t\t\t\t\t\t\t\t\t\t\t\t\t\t<a class=\"fusion-rollover-link\" href=\"https:\/\/test3.dicolova.com\/cos12\/2-mobiles-homes-camping-charlemagne-les-mediterranees-marseillan-plage\/\">2 MOBILES HOMES CAMPING CHARLEMAGNE &#8211; LES M\u00c9DITERRAN\u00c9ES Marseillan Plage<\/a>\n\t\t\t\n\t\t\t\t\t\t\t\t\t\t\t\t\t\t\n\t\t\t\t\t\t\t\t\n\t\t\t\t\t\t\t\t\t\t\t\t\t<div class=\"fusion-rollover-sep\"><\/div>\n\t\t\t\t\n\t\t\t\t\t\t\t\t\t\t\t\t\t\t\t\t\t\t<a class=\"fusion-rollover-gallery\" href=\"https:\/\/test3.dicolova.com\/cos12\/wp-content\/uploads\/sites\/6\/2025\/01\/Sans-titre.jpg\" data-options=\"\" data-id=\"382\" data-rel=\"iLightbox[gallery]\" data-title=\"Sans titre\" data-caption=\"\">\n\t\t\t\t\t\tGalerie\t\t\t\t\t<\/a>\n\t\t\t\t\t\t\t\t\t\t\t\t\t\t\n\t\t\n\t\t\t\t\t\t\t\t\t\t\t\t<h4 class=\"fusion-rollover-title\">\n\t\t\t\t\t<a class=\"fusion-rollover-title-link\" href=\"https:\/\/test3.dicolova.com\/cos12\/2-mobiles-homes-camping-charlemagne-les-mediterranees-marseillan-plage\/\">\n\t\t\t\t\t\t2 MOBILES HOMES CAMPING CHARLEMAGNE &#8211; LES M\u00c9DITERRAN\u00c9ES Marseillan Plage\t\t\t\t\t<\/a>\n\t\t\t\t<\/h4>\n\t\t\t\n\t\t\t\t\t\t\t\t\t\t<div class=\"fusion-rollover-categories\"><a href=\"https:\/\/test3.dicolova.com\/cos12\/category\/capacite\/4-personnes\/\" rel=\"tag\">2 \u00e0 4 personnes<\/a>, <a href=\"https:\/\/test3.dicolova.com\/cos12\/category\/departement\/34-herault\/\" rel=\"tag\">34 H\u00e9rault<\/a>, <a href=\"https:\/\/test3.dicolova.com\/cos12\/category\/capacite\/6-personnes\/\" rel=\"tag\">4 \u00e0 6 personnes<\/a>, <a href=\"https:\/\/test3.dicolova.com\/cos12\/category\/locations\/\" rel=\"tag\">Locations<\/a>, <a href=\"https:\/\/test3.dicolova.com\/cos12\/category\/ville\/marseillan-plage\/\" rel=\"tag\">Marseillan Plage<\/a>, <a href=\"https:\/\/test3.dicolova.com\/cos12\/category\/type-de-bien\/mobil-home\/\" rel=\"tag\">Mobil home<\/a><\/div>\t\t\t\t\t\n\t\t\n\t\t\t\t\t\t<a class=\"fusion-link-wrapper\" href=\"https:\/\/test3.dicolova.com\/cos12\/2-mobiles-homes-camping-charlemagne-les-mediterranees-marseillan-plage\/\" aria-label=\"2 MOBILES HOMES CAMPING CHARLEMAGNE &#8211; LES M\u00c9DITERRAN\u00c9ES Marseillan Plage\"><\/a>\n\t<\/div>\n<\/div>\n<\/div>\n<\/li>\n\t\t\t\n\t\t\t\n\t\t\t\t\t\t\t\t\t\t\t\t\t\t\t\t\t\t\t\t\t\t\t\t\t\t\t\t\t\t\t\t\t\t\t\t\t\t\t\t\t\t\t\t\t\t\t\t\t\t\t\t\t\t\t\t\t\t\t\t\t\t\t\t\t\t\t\t<\/ul>\n\t<\/div>\n\t<div class=\"fusion-post-content-wrapper\" style=\"padding:30px 25px 20px 25px;\"><div class=\"fusion-post-content post-content\"><h2 class=\"blog-shortcode-post-title entry-title\"><a href=\"https:\/\/test3.dicolova.com\/cos12\/2-mobiles-homes-camping-charlemagne-les-mediterranees-marseillan-plage\/\">2 MOBILES HOMES CAMPING CHARLEMAGNE &#8211; LES M\u00c9DITERRAN\u00c9ES Marseillan Plage<\/a><\/h2><p class=\"fusion-single-line-meta\"><span class=\"vcard\" style=\"display: none;\"><span class=\"fn\"><a href=\"https:\/\/test3.dicolova.com\/cos12\/author\/cosaveyron\/\" title=\"Articles par COS LOISIRS 12\" rel=\"author\">COS LOISIRS 12<\/a><\/span><\/span><span class=\"updated\" style=\"display:none;\">2025-04-13T17:30:03+01:00<\/span><span>janvier 2025<\/span><span class=\"fusion-inline-sep\">|<\/span><\/p><div class=\"fusion-content-sep sep-double sep-solid\"><\/div><div class=\"fusion-post-content-container\"><p>     \u00c9quipement  Modalit\u00e9s  Plan  Tarifs  Description de la location   2 mobiles homes climatis\u00e9s \u00e0 la location compos\u00e9s de 3 chambres chacun Camping 5 \u00e9toiles avec [...]<\/p><\/div><\/div><div class=\"fusion-meta-info\"><div class=\"fusion-alignleft\"><a class=\"fusion-read-more\" href=\"https:\/\/test3.dicolova.com\/cos12\/2-mobiles-homes-camping-charlemagne-les-mediterranees-marseillan-plage\/\" aria-label=\"More on 2 MOBILES HOMES CAMPING CHARLEMAGNE &#8211; LES M\u00c9DITERRAN\u00c9ES Marseillan Plage\">Lire la suite<\/a><\/div><\/div><\/div><div class=\"fusion-clearfix\"><\/div><\/div>\n<\/article>\n<article id=\"blog-1-post-68\" class=\"fusion-post-grid post-68 post type-post status-publish format-standard has-post-thumbnail hentry category-34-herault category-6-personnes category-locations category-marseillan-plage category-villa\">\n<div class=\"fusion-post-wrapper\" style=\"background-color:rgba(255,255,255,1);border:1px solid EBEAEA;border-bottom-width:3px;\">\n\n\t\t\t<div class=\"fusion-flexslider flexslider fusion-flexslider-loading fusion-post-slideshow\" style=\"border-color:EBEAEA;\">\n\t\t<ul class=\"slides\">\n\t\t\t\n\t\t\t\t\t\t\t\t\t\t\t\t\t\t<li><div  class=\"fusion-image-wrapper\" aria-haspopup=\"true\">\n\t\t\t\t<img decoding=\"async\" width=\"600\" height=\"400\" src=\"https:\/\/test3.dicolova.com\/cos12\/wp-content\/uploads\/sites\/6\/2016\/04\/Cyclades-Marseillan-12dicolva.jpg\" class=\"attachment-full size-full wp-post-image\" alt=\"\" \/><div class=\"fusion-rollover\">\n\t<div class=\"fusion-rollover-content\">\n\n\t\t\t\t\t\t\t\t\t\t\t\t\t\t<a class=\"fusion-rollover-link\" href=\"https:\/\/test3.dicolova.com\/cos12\/marseillan-plage-les-cyclades-34-appartement-cos12\/\">Marseillan Plage Les Cyclades (34) Maison-T3- COS12<\/a>\n\t\t\t\n\t\t\t\t\t\t\t\t\t\t\t\t\t\t\n\t\t\t\t\t\t\t\t\n\t\t\t\t\t\t\t\t\t\t\t\t\t<div class=\"fusion-rollover-sep\"><\/div>\n\t\t\t\t\n\t\t\t\t\t\t\t\t\t\t\t\t\t\t\t\t\t\t<a class=\"fusion-rollover-gallery\" href=\"https:\/\/test3.dicolova.com\/cos12\/wp-content\/uploads\/sites\/6\/2016\/04\/Cyclades-Marseillan-12dicolva.jpg\" data-options=\"\" data-id=\"68\" data-rel=\"iLightbox[gallery]\" data-title=\"Cyclades-Marseillan-12dicolva\" data-caption=\"\">\n\t\t\t\t\t\tGalerie\t\t\t\t\t<\/a>\n\t\t\t\t\t\t\t\t\t\t\t\t\t\t\n\t\t\n\t\t\t\t\t\t\t\t\t\t\t\t<h4 class=\"fusion-rollover-title\">\n\t\t\t\t\t<a class=\"fusion-rollover-title-link\" href=\"https:\/\/test3.dicolova.com\/cos12\/marseillan-plage-les-cyclades-34-appartement-cos12\/\">\n\t\t\t\t\t\tMarseillan Plage Les Cyclades (34) Maison-T3- COS12\t\t\t\t\t<\/a>\n\t\t\t\t<\/h4>\n\t\t\t\n\t\t\t\t\t\t\t\t\t\t<div class=\"fusion-rollover-categories\"><a href=\"https:\/\/test3.dicolova.com\/cos12\/category\/departement\/34-herault\/\" rel=\"tag\">34 H\u00e9rault<\/a>, <a href=\"https:\/\/test3.dicolova.com\/cos12\/category\/capacite\/6-personnes\/\" rel=\"tag\">4 \u00e0 6 personnes<\/a>, <a href=\"https:\/\/test3.dicolova.com\/cos12\/category\/locations\/\" rel=\"tag\">Locations<\/a>, <a href=\"https:\/\/test3.dicolova.com\/cos12\/category\/ville\/marseillan-plage\/\" rel=\"tag\">Marseillan Plage<\/a>, <a href=\"https:\/\/test3.dicolova.com\/cos12\/category\/type-de-bien\/villa\/\" rel=\"tag\">Villa<\/a><\/div>\t\t\t\t\t\n\t\t\n\t\t\t\t\t\t<a class=\"fusion-link-wrapper\" href=\"https:\/\/test3.dicolova.com\/cos12\/marseillan-plage-les-cyclades-34-appartement-cos12\/\" aria-label=\"Marseillan Plage Les Cyclades (34) Maison-T3- COS12\"><\/a>\n\t<\/div>\n<\/div>\n<\/div>\n<\/li>\n\t\t\t\n\t\t\t\n\t\t\t\t\t\t\t\t\t\t\t\t\t\t\t\t\t\t\t\t\t\t\t\t\t\t\t\t\t\t\t\t\t\t\t\t\t\t\t\t\t\t\t\t\t\t\t\t\t\t\t\t\t\t\t\t\t\t\t\t\t\t\t\t\t\t\t\t<\/ul>\n\t<\/div>\n\t<div class=\"fusion-post-content-wrapper\" style=\"padding:30px 25px 20px 25px;\"><div class=\"fusion-post-content post-content\"><h2 class=\"blog-shortcode-post-title entry-title\"><a href=\"https:\/\/test3.dicolova.com\/cos12\/marseillan-plage-les-cyclades-34-appartement-cos12\/\">Marseillan Plage Les Cyclades (34) Maison-T3- COS12<\/a><\/h2><p class=\"fusion-single-line-meta\"><span class=\"vcard\" style=\"display: none;\"><span class=\"fn\"><a href=\"https:\/\/test3.dicolova.com\/cos12\/author\/cosaveyron\/\" title=\"Articles par COS LOISIRS 12\" rel=\"author\">COS LOISIRS 12<\/a><\/span><\/span><span class=\"updated\" style=\"display:none;\">2025-05-15T15:38:39+01:00<\/span><span>avril 2016<\/span><span class=\"fusion-inline-sep\">|<\/span><\/p><div class=\"fusion-content-sep sep-double sep-solid\"><\/div><div class=\"fusion-post-content-container\"><p>Maison 2 chambres - 6 places. plage 5 minutes<\/p><\/div><\/div><div class=\"fusion-meta-info\"><div class=\"fusion-alignleft\"><a class=\"fusion-read-more\" href=\"https:\/\/test3.dicolova.com\/cos12\/marseillan-plage-les-cyclades-34-appartement-cos12\/\" aria-label=\"More on Marseillan Plage Les Cyclades (34) Maison-T3- COS12\">Lire la suite<\/a><\/div><\/div><\/div><div class=\"fusion-clearfix\"><\/div><\/div>\n<\/article>\n<div class=\"fusion-clearfix\"><\/div><\/div><\/div><div class=\"fusion-clearfix\"><\/div><\/div><\/div><\/div><\/div>\n","protected":false},"excerpt":{"rendered":"","protected":false},"author":1,"featured_media":0,"parent":0,"menu_order":0,"comment_status":"open","ping_status":"open","template":"","meta":{"footnotes":""},"class_list":["post-22","page","type-page","status-publish","hentry"],"yoast_head":"<!-- This site is optimized with the Yoast SEO plugin v27.4 - https:\/\/yoast.com\/product\/yoast-seo-wordpress\/ -->\n<title>Vacances - COS 12<\/title>\n<meta name=\"robots\" content=\"index, follow, max-snippet:-1, max-image-preview:large, max-video-preview:-1\" \/>\n<link rel=\"canonical\" href=\"https:\/\/test3.dicolova.com\/cos12\/vacances\/\" \/>\n<meta property=\"og:locale\" content=\"fr_FR\" \/>\n<meta property=\"og:type\" content=\"article\" \/>\n<meta property=\"og:title\" content=\"Vacances - COS 12\" \/>\n<meta property=\"og:url\" content=\"https:\/\/test3.dicolova.com\/cos12\/vacances\/\" \/>\n<meta property=\"og:site_name\" content=\"COS 12\" \/>\n<meta property=\"article:modified_time\" content=\"2017-03-02T17:31:43+00:00\" \/>\n<meta name=\"twitter:card\" content=\"summary_large_image\" \/>\n<meta name=\"twitter:label1\" content=\"Dur\u00e9e de lecture estim\u00e9e\" \/>\n\t<meta name=\"twitter:data1\" content=\"1 minute\" \/>\n<script type=\"application\/ld+json\" class=\"yoast-schema-graph\">{\"@context\":\"https:\\\/\\\/schema.org\",\"@graph\":[{\"@type\":\"WebPage\",\"@id\":\"https:\\\/\\\/test3.dicolova.com\\\/cos12\\\/vacances\\\/\",\"url\":\"https:\\\/\\\/test3.dicolova.com\\\/cos12\\\/vacances\\\/\",\"name\":\"Vacances - COS 12\",\"isPartOf\":{\"@id\":\"https:\\\/\\\/test3.dicolova.com\\\/cos12\\\/#website\"},\"datePublished\":\"2015-07-10T16:53:44+00:00\",\"dateModified\":\"2017-03-02T17:31:43+00:00\",\"breadcrumb\":{\"@id\":\"https:\\\/\\\/test3.dicolova.com\\\/cos12\\\/vacances\\\/#breadcrumb\"},\"inLanguage\":\"fr-FR\",\"potentialAction\":[{\"@type\":\"ReadAction\",\"target\":[\"https:\\\/\\\/test3.dicolova.com\\\/cos12\\\/vacances\\\/\"]}]},{\"@type\":\"BreadcrumbList\",\"@id\":\"https:\\\/\\\/test3.dicolova.com\\\/cos12\\\/vacances\\\/#breadcrumb\",\"itemListElement\":[{\"@type\":\"ListItem\",\"position\":1,\"name\":\"Accueil\",\"item\":\"https:\\\/\\\/test3.dicolova.com\\\/cos12\\\/\"},{\"@type\":\"ListItem\",\"position\":2,\"name\":\"Vacances\"}]},{\"@type\":\"WebSite\",\"@id\":\"https:\\\/\\\/test3.dicolova.com\\\/cos12\\\/#website\",\"url\":\"https:\\\/\\\/test3.dicolova.com\\\/cos12\\\/\",\"name\":\"COS 12\",\"description\":\"\",\"potentialAction\":[{\"@type\":\"SearchAction\",\"target\":{\"@type\":\"EntryPoint\",\"urlTemplate\":\"https:\\\/\\\/test3.dicolova.com\\\/cos12\\\/?s={search_term_string}\"},\"query-input\":{\"@type\":\"PropertyValueSpecification\",\"valueRequired\":true,\"valueName\":\"search_term_string\"}}],\"inLanguage\":\"fr-FR\"}]}<\/script>\n<!-- \/ Yoast SEO plugin. -->","yoast_head_json":{"title":"Vacances - COS 12","robots":{"index":"index","follow":"follow","max-snippet":"max-snippet:-1","max-image-preview":"max-image-preview:large","max-video-preview":"max-video-preview:-1"},"canonical":"https:\/\/test3.dicolova.com\/cos12\/vacances\/","og_locale":"fr_FR","og_type":"article","og_title":"Vacances - COS 12","og_url":"https:\/\/test3.dicolova.com\/cos12\/vacances\/","og_site_name":"COS 12","article_modified_time":"2017-03-02T17:31:43+00:00","twitter_card":"summary_large_image","twitter_misc":{"Dur\u00e9e de lecture estim\u00e9e":"1 minute"},"schema":{"@context":"https:\/\/schema.org","@graph":[{"@type":"WebPage","@id":"https:\/\/test3.dicolova.com\/cos12\/vacances\/","url":"https:\/\/test3.dicolova.com\/cos12\/vacances\/","name":"Vacances - COS 12","isPartOf":{"@id":"https:\/\/test3.dicolova.com\/cos12\/#website"},"datePublished":"2015-07-10T16:53:44+00:00","dateModified":"2017-03-02T17:31:43+00:00","breadcrumb":{"@id":"https:\/\/test3.dicolova.com\/cos12\/vacances\/#breadcrumb"},"inLanguage":"fr-FR","potentialAction":[{"@type":"ReadAction","target":["https:\/\/test3.dicolova.com\/cos12\/vacances\/"]}]},{"@type":"BreadcrumbList","@id":"https:\/\/test3.dicolova.com\/cos12\/vacances\/#breadcrumb","itemListElement":[{"@type":"ListItem","position":1,"name":"Accueil","item":"https:\/\/test3.dicolova.com\/cos12\/"},{"@type":"ListItem","position":2,"name":"Vacances"}]},{"@type":"WebSite","@id":"https:\/\/test3.dicolova.com\/cos12\/#website","url":"https:\/\/test3.dicolova.com\/cos12\/","name":"COS 12","description":"","potentialAction":[{"@type":"SearchAction","target":{"@type":"EntryPoint","urlTemplate":"https:\/\/test3.dicolova.com\/cos12\/?s={search_term_string}"},"query-input":{"@type":"PropertyValueSpecification","valueRequired":true,"valueName":"search_term_string"}}],"inLanguage":"fr-FR"}]}},"_links":{"self":[{"href":"https:\/\/test3.dicolova.com\/cos12\/wp-json\/wp\/v2\/pages\/22","targetHints":{"allow":["GET"]}}],"collection":[{"href":"https:\/\/test3.dicolova.com\/cos12\/wp-json\/wp\/v2\/pages"}],"about":[{"href":"https:\/\/test3.dicolova.com\/cos12\/wp-json\/wp\/v2\/types\/page"}],"author":[{"embeddable":true,"href":"https:\/\/test3.dicolova.com\/cos12\/wp-json\/wp\/v2\/users\/1"}],"replies":[{"embeddable":true,"href":"https:\/\/test3.dicolova.com\/cos12\/wp-json\/wp\/v2\/comments?post=22"}],"version-history":[{"count":1,"href":"https:\/\/test3.dicolova.com\/cos12\/wp-json\/wp\/v2\/pages\/22\/revisions"}],"predecessor-version":[{"id":340,"href":"https:\/\/test3.dicolova.com\/cos12\/wp-json\/wp\/v2\/pages\/22\/revisions\/340"}],"wp:attachment":[{"href":"https:\/\/test3.dicolova.com\/cos12\/wp-json\/wp\/v2\/media?parent=22"}],"curies":[{"name":"wp","href":"https:\/\/api.w.org\/{rel}","templated":true}]}}